{"id":47,"date":"2020-05-17T00:07:50","date_gmt":"2020-05-16T22:07:50","guid":{"rendered":"http:\/\/riveline.igbmc.science\/?page_id=47"},"modified":"2024-08-12T16:00:08","modified_gmt":"2024-08-12T14:00:08","slug":"members","status":"publish","type":"page","link":"https:\/\/riveline.igbmc.science\/?page_id=47","title":{"rendered":"Members"},"content":{"rendered":"\n<div class=\"wp-block-image\"><figure class=\"aligncenter size-large is-resized\"><img loading=\"lazy\" decoding=\"async\" src=\"http:\/\/riveline.igbmc.science\/wp-content\/uploads\/2020\/05\/PHOTO-2020-05-26-11-16-46.jpg\" alt=\"\" class=\"wp-image-550\" width=\"459\" height=\"344\" srcset=\"https:\/\/riveline.igbmc.science\/wp-content\/uploads\/2020\/05\/PHOTO-2020-05-26-11-16-46.jpg 1024w, https:\/\/riveline.igbmc.science\/wp-content\/uploads\/2020\/05\/PHOTO-2020-05-26-11-16-46-300x225.jpg 300w, https:\/\/riveline.igbmc.science\/wp-content\/uploads\/2020\/05\/PHOTO-2020-05-26-11-16-46-768x576.jpg 768w\" sizes=\"auto, (max-width: 459px) 100vw, 459px\" \/><\/figure><\/div>\n\n\n\n<div class=\"wp-block-image\"><figure class=\"alignright size-large is-resized\"><img loading=\"lazy\" decoding=\"async\" src=\"https:\/\/riveline.igbmc.science\/wp-content\/uploads\/2021\/09\/Outing_June_2022-2-1024x585.jpg\" alt=\"\" class=\"wp-image-742\" width=\"448\" height=\"255\" srcset=\"https:\/\/riveline.igbmc.science\/wp-content\/uploads\/2021\/09\/Outing_June_2022-2-1024x585.jpg 1024w, https:\/\/riveline.igbmc.science\/wp-content\/uploads\/2021\/09\/Outing_June_2022-2-300x171.jpg 300w, https:\/\/riveline.igbmc.science\/wp-content\/uploads\/2021\/09\/Outing_June_2022-2-768x438.jpg 768w, https:\/\/riveline.igbmc.science\/wp-content\/uploads\/2021\/09\/Outing_June_2022-2-1536x877.jpg 1536w, https:\/\/riveline.igbmc.science\/wp-content\/uploads\/2021\/09\/Outing_June_2022-2-2048x1169.jpg 2048w\" sizes=\"auto, (max-width: 448px) 100vw, 448px\" \/><\/figure><\/div>\n\n\n\n<p class=\"has-large-font-size\">Daniel Riveline, Team leader<\/p>\n\n\n\n<p class=\"has-large-font-size\">Mich\u00e8le Lieb, Lab. manager<\/p>\n\n\n\n<p><\/p>\n\n\n\n<p><\/p>\n\n\n\n<p class=\"has-large-font-size\">Simon Lo Vecchio, Postdoc.<\/p>\n\n\n\n<p class=\"has-large-font-size\">Linjie Lu, PhD student <\/p>\n\n\n\n<p class=\"has-large-font-size\">Tristan Guyomar, PhD student<\/p>\n\n\n\n<p class=\"has-large-font-size\"><\/p>\n\n\n\n<p class=\"has-large-font-size\">R\u00e9mi Berthoz, PhD student<\/p>\n\n\n\n<p class=\"has-large-font-size\">Marie Andr\u00e9, PhD student<\/p>\n\n\n\n<p class=\"has-large-font-size\">Pierre Caullet, Master student<\/p>\n\n\n\n<p><\/p>\n\n\n\n<p><\/p>\n\n\n\n<p class=\"has-text-align-right has-large-font-size\">                           <a href=\"mailto:riveline@unistra.fr\">Contact<\/a>   : riveline@unistra.fr<\/p>\n","protected":false},"excerpt":{"rendered":"<p>Daniel Riveline, Team leader Mich\u00e8le Lieb, Lab. manager Simon Lo Vecchio, Postdoc. Linjie Lu, PhD student Tristan Guyomar, PhD student R\u00e9mi Berthoz, PhD student Marie Andr\u00e9, PhD student Pierre Caullet, Master student Contact : riveline@unistra.fr<\/p>\n","protected":false},"author":2,"featured_media":0,"parent":0,"menu_order":0,"comment_status":"closed","ping_status":"closed","template":"","meta":{"footnotes":""},"class_list":["post-47","page","type-page","status-publish","hentry"],"_links":{"self":[{"href":"https:\/\/riveline.igbmc.science\/index.php?rest_route=\/wp\/v2\/pages\/47","targetHints":{"allow":["GET"]}}],"collection":[{"href":"https:\/\/riveline.igbmc.science\/index.php?rest_route=\/wp\/v2\/pages"}],"about":[{"href":"https:\/\/riveline.igbmc.science\/index.php?rest_route=\/wp\/v2\/types\/page"}],"author":[{"embeddable":true,"href":"https:\/\/riveline.igbmc.science\/index.php?rest_route=\/wp\/v2\/users\/2"}],"replies":[{"embeddable":true,"href":"https:\/\/riveline.igbmc.science\/index.php?rest_route=%2Fwp%2Fv2%2Fcomments&post=47"}],"version-history":[{"count":45,"href":"https:\/\/riveline.igbmc.science\/index.php?rest_route=\/wp\/v2\/pages\/47\/revisions"}],"predecessor-version":[{"id":744,"href":"https:\/\/riveline.igbmc.science\/index.php?rest_route=\/wp\/v2\/pages\/47\/revisions\/744"}],"wp:attachment":[{"href":"https:\/\/riveline.igbmc.science\/index.php?rest_route=%2Fwp%2Fv2%2Fmedia&parent=47"}],"curies":[{"name":"wp","href":"https:\/\/api.w.org\/{rel}","templated":true}]}}